{"id":69,"date":"2018-06-29T13:15:52","date_gmt":"2018-06-29T13:15:52","guid":{"rendered":"https:\/\/cs-elektroinstallationen.de\/?page_id=69"},"modified":"2020-01-09T06:23:05","modified_gmt":"2020-01-09T05:23:05","slug":"leistungen","status":"publish","type":"page","link":"https:\/\/cs-elektroinstallationen.de\/index.php\/leistungen\/","title":{"rendered":"Leistungen"},"content":{"rendered":"<h4 style=\"text-align: center;\"><strong>Elektroinstallationen in Neu- und Altbauten<\/strong><\/h4>\n<p>\u00a0<\/p>\n<p style=\"text-align: center;\"><em>Neubauinstallation<\/em><\/p>\n<p>Wir planen mit Ihnen zusammen Ihren Neubau und begleiten sie bis zur Fertigstellung mit allen anfallenden elektrischen Arbeiten!<\/p>\n<p>\u00a0<\/p>\n<p style=\"text-align: center;\"><em>Baustromanschluss<\/em><\/p>\n<p style=\"text-align: center;\">Falls Sie f\u00fcr Ihr Bauvorhaben einen Baustromanschluss ben\u00f6tigen, k\u00f6nnen wir Ihnen mit unserer Auswahl an Baustromk\u00e4sten gerne weiterhelfen!<\/p>\n<p>\u00a0<\/p>\n<p style=\"text-align: center;\"><em>Verkabelung von Wohnr\u00e4umen<\/em><br \/><em>Montage von allen Schalter- und Steckdosenmaterialien<\/em><br \/><em>\u00c4nderung bestehender Installationen<\/em><br \/><em>Erweiterungen von bestehenden Installationen<\/em><br \/><em>Beseitigen von Fehlern in der Installation<\/em><\/p>\n<p style=\"text-align: center;\">Sie wollen renovieren? Sie planen den Ausbau des Dachgeschosses? Steckdosen sitzen an der falschen Position?<\/p>\n<p style=\"text-align: center;\">Wir \u00e4ndern bzw. erstellen Ihre Installation nach Vorgabe und verbauen aktuelle Technik die den neuesten Vorschriften entspricht!<\/p>\n<p style=\"text-align: center;\">Vom H\u00fchnerstall bis zum Hotel. Bei uns sind Sie in guten H\u00e4nden!<\/p>\n<p style=\"text-align: center;\"><strong>Smart-Home Systeme &#8211; Intelligente Geb\u00e4ude<\/strong><\/p>\n<p style=\"text-align: center;\">basierend auf dem <strong>weltweiten KNX-Standard<\/strong><\/p>\n<p style=\"text-align: center;\"><img loading=\"lazy\" decoding=\"async\" class=\"aligncenter size-medium wp-image-70\" src=\"https:\/\/cs-elektroinstallationen.de\/wp-content\/uploads\/2018\/06\/KNX-Logo-300x200.png\" alt=\"\" width=\"300\" height=\"200\" srcset=\"https:\/\/cs-elektroinstallationen.de\/wp-content\/uploads\/2018\/06\/KNX-Logo-300x200.png 300w, https:\/\/cs-elektroinstallationen.de\/wp-content\/uploads\/2018\/06\/KNX-Logo.png 750w\" sizes=\"auto, (max-width: 300px) 100vw, 300px\" \/><\/p>\n<p style=\"text-align: center;\">Wir planen mit Ihnen zusammen ihr k\u00fcnftiges intelligentes Geb\u00e4ude bis ins kleinste Detail und f\u00fchren die Montage und Programmierung nach ihren W\u00fcnschen aus.<\/p>\n<p style=\"text-align: center;\">Alles aus einer Hand!<\/p>\n<p style=\"text-align: center;\"><strong>Telekommunikation- und Netzwerktechnik<\/strong><\/p>\n<p style=\"text-align: center;\">Wir vernetzen ihre Wohnung oder ihr B\u00fcro und sorgen daf\u00fcr,<\/p>\n<p style=\"text-align: center;\">dass sie st\u00f6rungsfreie Telefonate f\u00fchren k\u00f6nnen unter Zuhilfenahme modernster Telekommunikations- und Netzwerktechnik<\/p>\n<p style=\"text-align: center;\"><img loading=\"lazy\" decoding=\"async\" class=\"aligncenter size-medium wp-image-72\" src=\"https:\/\/cs-elektroinstallationen.de\/wp-content\/uploads\/2018\/06\/agfeo_logo-300x109.jpg\" alt=\"\" width=\"300\" height=\"109\" srcset=\"https:\/\/cs-elektroinstallationen.de\/wp-content\/uploads\/2018\/06\/agfeo_logo-300x109.jpg 300w, https:\/\/cs-elektroinstallationen.de\/wp-content\/uploads\/2018\/06\/agfeo_logo-768x279.jpg 768w, https:\/\/cs-elektroinstallationen.de\/wp-content\/uploads\/2018\/06\/agfeo_logo-1024x372.jpg 1024w, https:\/\/cs-elektroinstallationen.de\/wp-content\/uploads\/2018\/06\/agfeo_logo.jpg 1338w\" sizes=\"auto, (max-width: 300px) 100vw, 300px\" \/><\/p>\n<p style=\"text-align: center;\"><strong>Antennentechnik (TV-Empfang)<\/strong><\/p>\n<p style=\"text-align: center;\">Die Lieferung und Montage von Sat-Anlagen \u00fcbernehmen wir gerne f\u00fcr Sie!<\/p>\n<p style=\"text-align: center;\">Weiterhin k\u00f6nnen wir schnell, effizient und kostensparend Fehler und St\u00f6rungen ihrer Satelliten- und Kabelempfangsanlage beheben, denn wir verf\u00fcgen \u00fcber modernste Messtechnik der Firma Kathrein<\/p>\n<p style=\"text-align: center;\">\u00a0<\/p>\n<p style=\"text-align: center;\"><strong>Service f\u00fcr Elektro-Werkzeuge<\/strong><\/p>\n<p style=\"text-align: center;\">Ihre Flex, Bohrmaschine oder der Staubsauger funktioniert nicht mehr? Wackelkontakte an Ihren Maschinen st\u00f6ren ihre Arbeiten?<\/p>\n<p style=\"text-align: center;\">Dann z\u00f6gern sie nicht, und nehmen Kontakt mit uns auf! Wir k\u00f6nnen <strong>fast\u00a0<\/strong>alle Ger\u00e4te wieder auf Vordermann bringen durch originale Ersatzteile und geschultes Personal!<\/p>\n<p style=\"text-align: center;\"><strong>L\u00f6t- und Reparaturservice elektronischer Schaltkreise<\/strong><\/p>\n<p style=\"text-align: center;\">Sie haben eine Platine die nicht mehr funktioniert? Auf der etwas verbrannt ist? Oder ein Bauteil muss ausgetauscht werden?<\/p>\n<p style=\"text-align: center;\">Kein Problem, wir erledigen das f\u00fcr Sie!<\/p>\n<p style=\"text-align: center;\"><strong>Ger\u00e4tepr\u00fcfung nach DGUV3-Vorschrift (VDE0701\/0702)<\/strong><\/p>\n<p style=\"text-align: center;\">Wir bieten ab sofort die vom Gesetzgeber vorgeschriebene Ger\u00e4tepr\u00fcfung nach der DGUV3-Vorschrift an! Lesen sie hier weiter:<\/p>\n<p style=\"text-align: center;\"><a href=\"https:\/\/cs-elektroinstallationen.de\/index.php\/2018\/11\/30\/ab-sofort-neu-im-leistungsspektrum-geraetepruefung-nach-dguv-3-vorschrift-vde-0701-0702\/\">https:\/\/cs-elektroinstallationen.de\/index.php\/2018\/11\/30\/ab-sofort-neu-im-leistungsspektrum-geraetepruefung-nach-dguv-3-vorschrift-vde-0701-0702\/<\/a><\/p>\n<p style=\"text-align: center;\">\u00a0<\/p>\n\n\n<p><\/p>\n","protected":false},"excerpt":{"rendered":"<p>Elektroinstallationen in Neu- und Altbauten \u00a0 Neubauinstallation Wir planen mit Ihnen zusammen Ihren Neubau und begleiten sie bis zur Fertigstellung mit allen anfallenden elektrischen Arbeiten! \u00a0 Baustromanschluss Falls Sie f\u00fcr Ihr Bauvorhaben einen Baustromanschluss ben\u00f6tigen, k\u00f6nnen wir Ihnen mit unserer Auswahl an Baustromk\u00e4sten gerne weiterhelfen! \u00a0 Verkabelung von Wohnr\u00e4umenMontage von allen Schalter- und Steckdosenmaterialien\u00c4nderung bestehender &#8230; <a title=\"Leistungen\" class=\"read-more\" href=\"https:\/\/cs-elektroinstallationen.de\/index.php\/leistungen\/\" aria-label=\"Mehr Informationen \u00fcber Leistungen\">Weiterlesen<\/a><\/p>\n","protected":false},"author":1,"featured_media":0,"parent":0,"menu_order":0,"comment_status":"closed","ping_status":"closed","template":"","meta":{"footnotes":""},"class_list":["post-69","page","type-page","status-publish"],"_links":{"self":[{"href":"https:\/\/cs-elektroinstallationen.de\/index.php\/wp-json\/wp\/v2\/pages\/69","targetHints":{"allow":["GET"]}}],"collection":[{"href":"https:\/\/cs-elektroinstallationen.de\/index.php\/wp-json\/wp\/v2\/pages"}],"about":[{"href":"https:\/\/cs-elektroinstallationen.de\/index.php\/wp-json\/wp\/v2\/types\/page"}],"author":[{"embeddable":true,"href":"https:\/\/cs-elektroinstallationen.de\/index.php\/wp-json\/wp\/v2\/users\/1"}],"replies":[{"embeddable":true,"href":"https:\/\/cs-elektroinstallationen.de\/index.php\/wp-json\/wp\/v2\/comments?post=69"}],"version-history":[{"count":6,"href":"https:\/\/cs-elektroinstallationen.de\/index.php\/wp-json\/wp\/v2\/pages\/69\/revisions"}],"predecessor-version":[{"id":168,"href":"https:\/\/cs-elektroinstallationen.de\/index.php\/wp-json\/wp\/v2\/pages\/69\/revisions\/168"}],"wp:attachment":[{"href":"https:\/\/cs-elektroinstallationen.de\/index.php\/wp-json\/wp\/v2\/media?parent=69"}],"curies":[{"name":"wp","href":"https:\/\/api.w.org\/{rel}","templated":true}]}}